{"id":684,"date":"2021-01-24T13:11:29","date_gmt":"2021-01-24T13:11:29","guid":{"rendered":"http:\/\/www.vvalima.com\/?post_type=product&#038;p=684"},"modified":"2022-04-05T22:32:19","modified_gmt":"2022-04-05T22:32:19","slug":"muotoutuminen","status":"publish","type":"product","link":"https:\/\/www.vvalima.com\/en\/kauppa\/muotoutuminen\/","title":{"rendered":"Formation of Shapes"},"content":{"rendered":"","protected":false},"excerpt":{"rendered":"<p>Oil painting on canvas<br \/>\n81cm x100cm<br \/>\nSigned back<\/p>\n<p>Nauti luonnon rauhoittavasta ja palauttavasta vaikutuksesta kotisein\u00e4ll\u00e4si. T\u00e4m\u00e4 upea vihre\u00e4 kaunotar henkii vanhojen metsien ja soiden tunnelmaa.<\/p>\n<p>Taulu istuu monenlaiseen ymp\u00e4rist\u00f6\u00f6n. Vihre\u00e4t s\u00e4vyt rauhoittavat ja luovat positiivisia assosiaatioita tilaan kuin tilaan. Voidaan ripustaa my\u00f6s poikittain.<\/p>\n<p>Maalaus oli mukana \u201cSuon pinnassa\u201d -n\u00e4yttelyss\u00e4 vuonna 2021. Se oli yksi kolmesta ty\u00f6st\u00e4, jotka muodostivat esill\u00e4 olleen suo-triptyykin. T\u00e4m\u00e4 on viimeinen saatavilla oleva maalaus kyseisest\u00e4 kolmen sarjasta. Maalattu hienolle pellavakankaalle ja pingoitettu k\u00e4sin.<\/p>\n<p>Abstrakti taide, Taide luonto, Abstrakti ekspressionismi, Elemaalaus<\/p>","protected":false},"featured_media":855,"template":"","meta":{"site-sidebar-layout":"default","site-content-layout":"default","ast-site-content-layout":"default","site-content-style":"default","site-sidebar-style":"default","ast-global-header-display":"","ast-banner-title-visibility":"","ast-main-header-display":"","ast-hfb-above-header-display":"","ast-hfb-below-header-display":"","ast-hfb-mobile-header-display":"","site-post-title":"","ast-breadcrumbs-content":"","ast-featured-img":"","footer-sml-layout":"","ast-disable-related-posts":"","theme-transparent-header-meta":"default","adv-header-id-meta":"","stick-header-meta":"","header-above-stick-meta":"","header-main-stick-meta":"","header-below-stick-meta":"","astra-migrate-meta-layouts":"default","ast-page-background-enabled":"default","ast-page-background-meta":{"desktop":{"background-color":"","background-image":"","background-repeat":"repeat","background-position":"center center","background-size":"auto","background-attachment":"scroll","background-type":"","background-media":"","overlay-type":"","overlay-color":"","overlay-opacity":"","overlay-gradient":""},"tablet":{"background-color":"","background-image":"","background-repeat":"repeat","background-position":"center center","background-size":"auto","background-attachment":"scroll","background-type":"","background-media":"","overlay-type":"","overlay-color":"","overlay-opacity":"","overlay-gradient":""},"mobile":{"background-color":"","background-image":"","background-repeat":"repeat","background-position":"center center","background-size":"auto","background-attachment":"scroll","background-type":"","background-media":"","overlay-type":"","overlay-color":"","overlay-opacity":"","overlay-gradient":""}},"ast-content-background-meta":{"desktop":{"background-color":"var(--ast-global-color-5)","background-image":"","background-repeat":"repeat","background-position":"center center","background-size":"auto","background-attachment":"scroll","background-type":"","background-media":"","overlay-type":"","overlay-color":"","overlay-opacity":"","overlay-gradient":""},"tablet":{"background-color":"var(--ast-global-color-5)","background-image":"","background-repeat":"repeat","background-position":"center center","background-size":"auto","background-attachment":"scroll","background-type":"","background-media":"","overlay-type":"","overlay-color":"","overlay-opacity":"","overlay-gradient":""},"mobile":{"background-color":"var(--ast-global-color-5)","background-image":"","background-repeat":"repeat","background-position":"center center","background-size":"auto","background-attachment":"scroll","background-type":"","background-media":"","overlay-type":"","overlay-color":"","overlay-opacity":"","overlay-gradient":""}}},"product_cat":[84],"product_tag":[],"_links":{"self":[{"href":"https:\/\/www.vvalima.com\/en\/wp-json\/wp\/v2\/product\/684"}],"collection":[{"href":"https:\/\/www.vvalima.com\/en\/wp-json\/wp\/v2\/product"}],"about":[{"href":"https:\/\/www.vvalima.com\/en\/wp-json\/wp\/v2\/types\/product"}],"version-history":[{"count":3,"href":"https:\/\/www.vvalima.com\/en\/wp-json\/wp\/v2\/product\/684\/revisions"}],"predecessor-version":[{"id":1831,"href":"https:\/\/www.vvalima.com\/en\/wp-json\/wp\/v2\/product\/684\/revisions\/1831"}],"wp:featuredmedia":[{"embeddable":true,"href":"https:\/\/www.vvalima.com\/en\/wp-json\/wp\/v2\/media\/855"}],"wp:attachment":[{"href":"https:\/\/www.vvalima.com\/en\/wp-json\/wp\/v2\/media?parent=684"}],"wp:term":[{"taxonomy":"product_cat","embeddable":true,"href":"https:\/\/www.vvalima.com\/en\/wp-json\/wp\/v2\/product_cat?post=684"},{"taxonomy":"product_tag","embeddable":true,"href":"https:\/\/www.vvalima.com\/en\/wp-json\/wp\/v2\/product_tag?post=684"}],"curies":[{"name":"wp","href":"https:\/\/api.w.org\/{rel}","templated":true}]}}