{"id":1813,"date":"2022-01-24T07:48:13","date_gmt":"2022-01-24T07:48:13","guid":{"rendered":"https:\/\/www.vvalima.com\/?post_type=product&#038;p=1813"},"modified":"2022-04-05T22:31:53","modified_gmt":"2022-04-05T22:31:53","slug":"taulu","status":"publish","type":"product","link":"https:\/\/www.vvalima.com\/en\/kauppa\/taulu\/","title":{"rendered":"Marmaron"},"content":{"rendered":"","protected":false},"excerpt":{"rendered":"<p>Oil painting on canvas<br \/>\n90cm x122cm<br \/>\nSigned back<\/p>\n<p>Elegantti tyyni maalaus, joka rauhoittaa tilaa olematta kuitenkaan tyls\u00e4. Silm\u00e4 l\u00f6yt\u00e4\u00e4 sen lukuisista herkist\u00e4 yksityiskohdista jatkuvasti uutta tutkittavaa.<\/p>\n<p>Toimii hyvin tilassa, jonne halutaan lis\u00e4t\u00e4 persoonallisuutta rikkomatta kuitenkaan rauhallista v\u00e4riteemaa. Maalauksen kauniit maav\u00e4rit sopivat my\u00f6s erinoimaisesti tiikkikalusteiden kaveriksi.<\/p>\n<p>Teoksen kuvallisena inspiraariona ovat toimineet mm. muinaiset kartat. Maalattu k\u00e4sin valmistetulle maalauspohjalle, kangas laadukasta pellavaa. Teos oli mukana n\u00e4yttelyss\u00e4ni Turussa vuonna 2021.<\/p>\n<p>Taulu abstrakti, Taulu sein\u00e4lle, Moderni, Abstrakti ekspressionismi<\/p>\n<p>&nbsp;<\/p>","protected":false},"featured_media":1819,"template":"","meta":{"site-sidebar-layout":"default","site-content-layout":"default","ast-site-content-layout":"default","site-content-style":"default","site-sidebar-style":"default","ast-global-header-display":"","ast-banner-title-visibility":"","ast-main-header-display":"","ast-hfb-above-header-display":"","ast-hfb-below-header-display":"","ast-hfb-mobile-header-display":"","site-post-title":"","ast-breadcrumbs-content":"","ast-featured-img":"","footer-sml-layout":"","ast-disable-related-posts":"","theme-transparent-header-meta":"","adv-header-id-meta":"","stick-header-meta":"","header-above-stick-meta":"","header-main-stick-meta":"","header-below-stick-meta":"","astra-migrate-meta-layouts":"default","ast-page-background-enabled":"default","ast-page-background-meta":{"desktop":{"background-color":"","background-image":"","background-repeat":"repeat","background-position":"center center","background-size":"auto","background-attachment":"scroll","background-type":"","background-media":"","overlay-type":"","overlay-color":"","overlay-opacity":"","overlay-gradient":""},"tablet":{"background-color":"","background-image":"","background-repeat":"repeat","background-position":"center center","background-size":"auto","background-attachment":"scroll","background-type":"","background-media":"","overlay-type":"","overlay-color":"","overlay-opacity":"","overlay-gradient":""},"mobile":{"background-color":"","background-image":"","background-repeat":"repeat","background-position":"center center","background-size":"auto","background-attachment":"scroll","background-type":"","background-media":"","overlay-type":"","overlay-color":"","overlay-opacity":"","overlay-gradient":""}},"ast-content-background-meta":{"desktop":{"background-color":"var(--ast-global-color-5)","background-image":"","background-repeat":"repeat","background-position":"center center","background-size":"auto","background-attachment":"scroll","background-type":"","background-media":"","overlay-type":"","overlay-color":"","overlay-opacity":"","overlay-gradient":""},"tablet":{"background-color":"var(--ast-global-color-5)","background-image":"","background-repeat":"repeat","background-position":"center center","background-size":"auto","background-attachment":"scroll","background-type":"","background-media":"","overlay-type":"","overlay-color":"","overlay-opacity":"","overlay-gradient":""},"mobile":{"background-color":"var(--ast-global-color-5)","background-image":"","background-repeat":"repeat","background-position":"center center","background-size":"auto","background-attachment":"scroll","background-type":"","background-media":"","overlay-type":"","overlay-color":"","overlay-opacity":"","overlay-gradient":""}}},"product_cat":[84],"product_tag":[],"_links":{"self":[{"href":"https:\/\/www.vvalima.com\/en\/wp-json\/wp\/v2\/product\/1813"}],"collection":[{"href":"https:\/\/www.vvalima.com\/en\/wp-json\/wp\/v2\/product"}],"about":[{"href":"https:\/\/www.vvalima.com\/en\/wp-json\/wp\/v2\/types\/product"}],"version-history":[{"count":7,"href":"https:\/\/www.vvalima.com\/en\/wp-json\/wp\/v2\/product\/1813\/revisions"}],"predecessor-version":[{"id":1891,"href":"https:\/\/www.vvalima.com\/en\/wp-json\/wp\/v2\/product\/1813\/revisions\/1891"}],"wp:featuredmedia":[{"embeddable":true,"href":"https:\/\/www.vvalima.com\/en\/wp-json\/wp\/v2\/media\/1819"}],"wp:attachment":[{"href":"https:\/\/www.vvalima.com\/en\/wp-json\/wp\/v2\/media?parent=1813"}],"wp:term":[{"taxonomy":"product_cat","embeddable":true,"href":"https:\/\/www.vvalima.com\/en\/wp-json\/wp\/v2\/product_cat?post=1813"},{"taxonomy":"product_tag","embeddable":true,"href":"https:\/\/www.vvalima.com\/en\/wp-json\/wp\/v2\/product_tag?post=1813"}],"curies":[{"name":"wp","href":"https:\/\/api.w.org\/{rel}","templated":true}]}}