{"id":538,"date":"2021-01-07T13:53:56","date_gmt":"2021-01-07T13:53:56","guid":{"rendered":"http:\/\/www.vvalima.com\/?page_id=538"},"modified":"2021-08-16T07:55:25","modified_gmt":"2021-08-16T07:55:25","slug":"rekisteriseloste","status":"publish","type":"page","link":"https:\/\/www.vvalima.com\/en\/rekisteriseloste\/","title":{"rendered":"Rekisteriseloste"},"content":{"rendered":"<div data-elementor-type=\"wp-page\" data-elementor-id=\"538\" class=\"elementor elementor-538\">\n\t\t\t\t\t\t<section class=\"elementor-section elementor-top-section elementor-element elementor-element-fb059c0 elementor-section-boxed elementor-section-height-default elementor-section-height-default\" data-id=\"fb059c0\" data-element_type=\"section\">\n\t\t\t\t\t\t<div class=\"elementor-container elementor-column-gap-default\">\n\t\t\t\t\t<div class=\"elementor-column elementor-col-100 elementor-top-column elementor-element elementor-element-42c598f\" data-id=\"42c598f\" data-element_type=\"column\">\n\t\t\t<div class=\"elementor-widget-wrap elementor-element-populated\">\n\t\t\t\t\t\t<div class=\"elementor-element elementor-element-ee6daea elementor-widget elementor-widget-heading\" data-id=\"ee6daea\" data-element_type=\"widget\" data-widget_type=\"heading.default\">\n\t\t\t\t<div class=\"elementor-widget-container\">\n\t\t\t\t\t<h1 class=\"elementor-heading-title elementor-size-default\">Rekisteriseloste<\/h1>\t\t\t\t<\/div>\n\t\t\t\t<\/div>\n\t\t\t\t<div class=\"elementor-element elementor-element-1126af7 elementor-widget elementor-widget-text-editor\" data-id=\"1126af7\" data-element_type=\"widget\" data-widget_type=\"text-editor.default\">\n\t\t\t\t<div class=\"elementor-widget-container\">\n\t\t\t\t\t\t\t\t\t<h3><strong>Henkil\u00f6tietolain (523\/99) 10 \u00a7:n mukainen rekisteriseloste<\/strong><\/h3>\n<h4>1) Rekisterinpit\u00e4j\u00e4<\/h4>\n<p>Artreal<br>Isolammenkatu 2 tila 3, 33710 Tampere<br>Vastuuhenkil\u00f6: Ville V\u00e4lim\u00e4ki<br>Yhteystiedot: artvalima@gmail.com tai 0413134465<\/p>\n<h4>2) Rekisteriasiat<\/h4>\n<p>Pyrimme vastaamaan viiden arkip\u00e4iv\u00e4n kuluessa rekisteri\u00e4 koskeviin kysymyksiin ja palautteisiin.<\/p>\n<h4>3) Rekisterin nimi<\/h4>\n<p>Artreal asiakas- ja markkinointirekisteri.<\/p>\n<h4>4) Henkil\u00f6tietojen k\u00e4sittelyn tarkoitus<\/h4>\n<p>K\u00e4sittelyn tarkoituksena on asiakassuhteen hoitaminen, asiakkaan ja Artrealin oikeuksien ja velvollisuuksien toteuttaminen sek\u00e4 henkil\u00f6tietolain mukainen henkil\u00f6tietojen k\u00e4sittely verkkopalveluihin liittyviin tarkoituksiin, tutkimustoimintaan, Artrealin mainonnan ja\/tai suoramarkkinoinnin suuntaaminen asiakastietojen perusteella Artrealin viestimien ja palvelujen kautta luovuttamatta henkil\u00f6tietoja ulkopuoliselle taholle.<\/p>\n<h4>5) Rekisterin tietosis\u00e4lt\u00f6<\/h4>\n<p>Rekisteri voi sis\u00e4lt\u00e4\u00e4 seuraavan ryhmittelyn mukaiset tiedot asiakkaista:<\/p>\n<ul>\n<li>Name<\/li>\n<li>Email<\/li>\n<li>Phone<\/li>\n<li>Osoite<\/li>\n<li>Syntym\u00e4aika<\/li>\n<li>Yrityksen nimi<\/li>\n<li>Yrityksen osoite<\/li>\n<\/ul>\n<h4>6) Rekisterin s\u00e4\u00e4nn\u00f6nmukaiset tietol\u00e4hteet<\/h4>\n<p>Rekisteri koostetaan Artrealin asiakastietoj\u00e4rjestelm\u00e4st\u00e4. Tietoja yll\u00e4pidet\u00e4\u00e4n hy\u00f6dynt\u00e4en yleisesti saatavilla olevat internet-l\u00e4hteet (esim. yrityksen omat kotisivut) sek\u00e4 muut julkiset l\u00e4hteet. Rekisteri voi sis\u00e4lt\u00e4\u00e4 my\u00f6s asiakkaan itse antamia tietoja.<\/p>\n<h4>7) S\u00e4\u00e4nn\u00f6nmukaiset tietojen luovutukset<\/h4>\n<p>Rekisterinpit\u00e4j\u00e4 ei luovuta asiakkaiden henkil\u00f6tietoja ulkopuolisille, paitsi Suomen viranomaistoimien niin edellytt\u00e4ess\u00e4.<\/p>\n<h4>8) Tietojen s\u00e4ilytys ja poistaminen<\/h4>\n<p>S\u00e4ilyt\u00e4mme tietojasi v\u00e4hint\u00e4\u00e4n 12 vuotta asiakassuhteen p\u00e4\u00e4ttymisen j\u00e4lkeen. Tiedot s\u00e4ilytet\u00e4\u00e4n vain EU\/ETA-alueella.<\/p>\n<h4>9) Rekisterin suojauksen periaatteet<\/h4>\n<p>Henkil\u00f6tiedot s\u00e4ilytet\u00e4\u00e4n luottamuksellisina. Artrealin tietoverkko ja laitteisto, jolla rekisteri sijaitsee, on suojattu palomuurilla ja muilla tarvittavilla teknisill\u00e4 toimenpiteill\u00e4.<\/p>\n<h4>10) Rekister\u00f6idyn oikeudet (EUROOPAN PARLAMENTIN JA NEUVOSTON ASETUS (EU) 2016\/679)<\/h4>\n<p><strong>10.1) Sinun oikeutesi saada p\u00e4\u00e4sy tietoihin<\/strong><\/p>\n<p>Tietosuoja-asetuksen mukaisen oikeuden nojalla sinulla on oikeus saada j\u00e4ljenn\u00f6s sinua koskevista henkil\u00f6tiedoista. Pyynn\u00f6n esitt\u00e4miselle ei ole s\u00e4\u00e4detty m\u00e4\u00e4r\u00e4muotoa. Tarvittaessa voimme pyyt\u00e4\u00e4 sinulta lis\u00e4tietoja, jotta voimme vahvistaa sinun henkil\u00f6llisyytesi. Jos sin\u00e4 esit\u00e4t oikeutta koskevan pyynn\u00f6n s\u00e4hk\u00f6isesti, niin me toimitamme tiedot yleisesti k\u00e4ytetyss\u00e4 s\u00e4hk\u00f6isess\u00e4 muodossa. L\u00e4ht\u00f6kohtaisesti pyynt\u00f6jen toteuttaminen on maksutonta, mutta voimme tietyin edellytyksin peri\u00e4 sinulta pyydetyn toimenpiteen toteuttamisesta aiheutuvat hallinnolliset kustannukset tai kielt\u00e4yty\u00e4 suorittamasta pyydetty\u00e4 toimea. Tietosuoja-asetuksessa aikaraja sinun esitt\u00e4m\u00e4\u00e4n pyynt\u00f6\u00f6n reagoimiselle on yksi kuukausi. M\u00e4\u00e4r\u00e4aikaa voidaan tarvittaessa jatkaa enint\u00e4\u00e4n kahdella kuukaudella ottaen huomioon pyynt\u00f6jen monimutkaisuus ja m\u00e4\u00e4r\u00e4.<\/p>\n<p><strong>10.2) Sinun oikeutesi tietojen oikaisemiseen ja tulla unohdetuksi<\/strong><\/p>\n<p>Tietosuoja-asetus takaa sinulle tietyin poikkeuksin oikeuden tietojesi oikaisemiseen sek\u00e4 oikeuden tietojesi poistamiseen eli niin kutsutun oikeuden tulla unohdetuksi. Sinulla on my\u00f6s oikeus peruuttaa suostumuksesi, johon k\u00e4sittely on perustunut. T\u00e4ll\u00f6in voit esitt\u00e4\u00e4 meille pyynn\u00f6n poistaa sinua koskevat tiedot j\u00e4rjestelmist\u00e4mme. Mik\u00e4li henkil\u00f6tietojen k\u00e4sittelylle ole muuta laillista perustetta niin me poistamme tiedot. Mik\u00e4li oikaistavia tai poistettavia tietojasi on kumppanimme hallussa, niin pyyd\u00e4mme h\u00e4nt\u00e4 menettelem\u00e4\u00e4n vastaavasti.<\/p>\n<p><strong>10.3) Sinun oikeutesi siirt\u00e4\u00e4 tiedot j\u00e4rjestelm\u00e4st\u00e4 toiseen<\/strong><\/p>\n<p>Asetuksen mukaan sinulla on oikeus siirt\u00e4\u00e4 tiedot j\u00e4rjestelm\u00e4st\u00e4 toiseen. K\u00e4yt\u00e4nn\u00f6ss\u00e4 sinulla on oikeus saada sinua koskevat henkil\u00f6tiedot yleisesti k\u00e4yt\u00f6ss\u00e4 olevassa siirtomuodossa ja toimittaa ne toiselle rekisterinpit\u00e4j\u00e4lle. Oikeus edellytt\u00e4\u00e4, ett\u00e4 k\u00e4sittely perustuu suostumukseen tai sopimukseen ja k\u00e4sittely tehd\u00e4\u00e4n automatisoidusti.<\/p>\n<p><strong>10.4) Sinun oikeutesi vastustaa k\u00e4sittely\u00e4, automaattista p\u00e4\u00e4t\u00f6ksentekoa ja profilointia<\/strong><\/p>\n<p>Sinulla on oikeus henkil\u00f6kohtaiseen erityiseen tilanteeseesi liittyv\u00e4ll\u00e4 perusteella, milloin tahansa vastustaa sinua koskevien henkil\u00f6tietojen k\u00e4sittely\u00e4. Sinulla on oikeus olla joutumatta sellaisen p\u00e4\u00e4t\u00f6ksen kohteeksi, joka perustuu pelk\u00e4st\u00e4\u00e4n automaattiseen k\u00e4sittelyyn, kuten profilointiin, ja jolla on sinua koskevia oikeusvaikutuksia tai joka vaikuttaa sinuun merkitt\u00e4v\u00e4sti vastaavalla tavalla.<\/p>\n<p><strong>10.5) Sinulla on oikeus saada ilmoitus henkil\u00f6tietojesi tietoturvaloukkauksesta<\/strong><\/p>\n<p>Meill\u00e4 on velvollisuus ilmoittaa henkil\u00f6tietojen tietoturvaloukkauksesta henkil\u00f6kohtaisesti niille rekister\u00f6idyille, joiden tietoja loukkaus koskettaa. Oikeus astuu voimaan, jos loukkaus todenn\u00e4k\u00f6isesti aiheuttaa suuren riskin yksil\u00f6n oikeuksille ja vapauksille, esimerkiksi identiteetinvarkauksien, maksuv\u00e4linepetosten tai muun rikollisen toiminnan muodossa.<\/p>\n<p><strong>10.6) Suoramarkkinointikielto<\/strong><\/p>\n<p>Sinulla on oikeus kielt\u00e4\u00e4 tietosi luovuttaminen ja k\u00e4sittely suoramainontaa, et\u00e4myynti\u00e4 ja muuta suoramarkkinointia varten ottamalla yhteytt\u00e4 s\u00e4hk\u00f6postitse tai puhelimitse<\/p>\t\t\t\t\t\t\t\t<\/div>\n\t\t\t\t<\/div>\n\t\t\t\t\t<\/div>\n\t\t<\/div>\n\t\t\t\t\t<\/div>\n\t\t<\/section>\n\t\t\t\t<\/div>","protected":false},"excerpt":{"rendered":"<p>Rekisteriseloste Henkil\u00f6tietolain (523\/99) 10 \u00a7:n mukainen rekisteriseloste 1) Rekisterinpit\u00e4j\u00e4 Artreal Isolammenkatu 2 tila 3, 33710 Tampere Vastuuhenkil\u00f6: Ville V\u00e4lim\u00e4ki Yhteystiedot: artvalima@gmail.com tai 0413134465 2) Rekisteriasiat Pyrimme vastaamaan viiden arkip\u00e4iv\u00e4n kuluessa rekisteri\u00e4 koskeviin kysymyksiin ja palautteisiin. 3) Rekisterin nimi Artreal asiakas- ja markkinointirekisteri. 4) Henkil\u00f6tietojen k\u00e4sittelyn tarkoitus K\u00e4sittelyn tarkoituksena on asiakassuhteen hoitaminen, asiakkaan ja Artrealin oikeuksien [&hellip;]<\/p>\n","protected":false},"author":2,"featured_media":0,"parent":0,"menu_order":0,"comment_status":"closed","ping_status":"closed","template":"","meta":{"site-sidebar-layout":"no-sidebar","site-content-layout":"page-builder","ast-site-content-layout":"default","site-content-style":"default","site-sidebar-style":"default","ast-global-header-display":"","ast-banner-title-visibility":"","ast-main-header-display":"","ast-hfb-above-header-display":"","ast-hfb-below-header-display":"","ast-hfb-mobile-header-display":"","site-post-title":"disabled","ast-breadcrumbs-content":"","ast-featured-img":"disabled","footer-sml-layout":"","ast-disable-related-posts":"","theme-transparent-header-meta":"default","adv-header-id-meta":"","stick-header-meta":"","header-above-stick-meta":"","header-main-stick-meta":"","header-below-stick-meta":"","astra-migrate-meta-layouts":"default","ast-page-background-enabled":"default","ast-page-background-meta":{"desktop":{"background-color":"","background-image":"","background-repeat":"repeat","background-position":"center center","background-size":"auto","background-attachment":"scroll","background-type":"","background-media":"","overlay-type":"","overlay-color":"","overlay-opacity":"","overlay-gradient":""},"tablet":{"background-color":"","background-image":"","background-repeat":"repeat","background-position":"center center","background-size":"auto","background-attachment":"scroll","background-type":"","background-media":"","overlay-type":"","overlay-color":"","overlay-opacity":"","overlay-gradient":""},"mobile":{"background-color":"","background-image":"","background-repeat":"repeat","background-position":"center center","background-size":"auto","background-attachment":"scroll","background-type":"","background-media":"","overlay-type":"","overlay-color":"","overlay-opacity":"","overlay-gradient":""}},"ast-content-background-meta":{"desktop":{"background-color":"var(--ast-global-color-5)","background-image":"","background-repeat":"repeat","background-position":"center center","background-size":"auto","background-attachment":"scroll","background-type":"","background-media":"","overlay-type":"","overlay-color":"","overlay-opacity":"","overlay-gradient":""},"tablet":{"background-color":"var(--ast-global-color-5)","background-image":"","background-repeat":"repeat","background-position":"center center","background-size":"auto","background-attachment":"scroll","background-type":"","background-media":"","overlay-type":"","overlay-color":"","overlay-opacity":"","overlay-gradient":""},"mobile":{"background-color":"var(--ast-global-color-5)","background-image":"","background-repeat":"repeat","background-position":"center center","background-size":"auto","background-attachment":"scroll","background-type":"","background-media":"","overlay-type":"","overlay-color":"","overlay-opacity":"","overlay-gradient":""}},"footnotes":""},"_links":{"self":[{"href":"https:\/\/www.vvalima.com\/en\/wp-json\/wp\/v2\/pages\/538"}],"collection":[{"href":"https:\/\/www.vvalima.com\/en\/wp-json\/wp\/v2\/pages"}],"about":[{"href":"https:\/\/www.vvalima.com\/en\/wp-json\/wp\/v2\/types\/page"}],"author":[{"embeddable":true,"href":"https:\/\/www.vvalima.com\/en\/wp-json\/wp\/v2\/users\/2"}],"replies":[{"embeddable":true,"href":"https:\/\/www.vvalima.com\/en\/wp-json\/wp\/v2\/comments?post=538"}],"version-history":[{"count":23,"href":"https:\/\/www.vvalima.com\/en\/wp-json\/wp\/v2\/pages\/538\/revisions"}],"predecessor-version":[{"id":961,"href":"https:\/\/www.vvalima.com\/en\/wp-json\/wp\/v2\/pages\/538\/revisions\/961"}],"wp:attachment":[{"href":"https:\/\/www.vvalima.com\/en\/wp-json\/wp\/v2\/media?parent=538"}],"curies":[{"name":"wp","href":"https:\/\/api.w.org\/{rel}","templated":true}]}}