{"id":530,"date":"2021-01-07T13:28:18","date_gmt":"2021-01-07T13:28:18","guid":{"rendered":"http:\/\/www.vvalima.com\/?page_id=530"},"modified":"2021-01-07T14:45:10","modified_gmt":"2021-01-07T14:45:10","slug":"tietosuojaseloste","status":"publish","type":"page","link":"https:\/\/www.vvalima.com\/en\/tietosuojaseloste\/","title":{"rendered":"Privacy Policy"},"content":{"rendered":"<div data-elementor-type=\"wp-page\" data-elementor-id=\"530\" class=\"elementor elementor-530\">\n\t\t\t\t\t\t<section class=\"elementor-section elementor-top-section elementor-element elementor-element-b1767e3 elementor-section-boxed elementor-section-height-default elementor-section-height-default\" data-id=\"b1767e3\" data-element_type=\"section\">\n\t\t\t\t\t\t<div class=\"elementor-container elementor-column-gap-default\">\n\t\t\t\t\t<div class=\"elementor-column elementor-col-100 elementor-top-column elementor-element elementor-element-28d0a51\" data-id=\"28d0a51\" data-element_type=\"column\">\n\t\t\t<div class=\"elementor-widget-wrap elementor-element-populated\">\n\t\t\t\t\t\t<div class=\"elementor-element elementor-element-2dbf976 elementor-widget elementor-widget-heading\" data-id=\"2dbf976\" data-element_type=\"widget\" data-widget_type=\"heading.default\">\n\t\t\t\t<div class=\"elementor-widget-container\">\n\t\t\t\t\t<h1 class=\"elementor-heading-title elementor-size-default\">THIS WEBSITE\u2019S PRIVACY POLICY<\/h1>\t\t\t\t<\/div>\n\t\t\t\t<\/div>\n\t\t\t\t<div class=\"elementor-element elementor-element-f91689f elementor-widget elementor-widget-text-editor\" data-id=\"f91689f\" data-element_type=\"widget\" data-widget_type=\"text-editor.default\">\n\t\t\t\t<div class=\"elementor-widget-container\">\n\t\t\t\t\t\t\t\t\t<p class=\"Standard\">We use cookies to track and understand how people use our website. Below you can find\ninformation on the following topics:<\/p><ul><li class=\"Standard\">what are cookies?<\/li><li class=\"Standard\">how do we use cookies?<\/li><li class=\"Standard\">how can I manage cookies?<\/li><\/ul><p class=\"Standard\">If you do not agree with the terms presented here, please do not use our website.<\/p><p class=\"Standard\"><b><span style=\"font-size: 14.0pt;\">1) What are cookies?<\/span><\/b><\/p><p class=\"Standard\">Cookies are text files placed on your computer or other device when you visit a website. Each\ntime you visit our site, the cookie is transmitted back to our website or a different website that\nidentifies the cookie.<\/p><p class=\"Standard\">Cookies enable us to e.g. identify your device when you return to our site, store your\npreferences and choices, improve your user experience and adapt the advertisements you see\non this website or further web services that you may access.<\/p><p class=\"Standard\">More information on cookies is available on the website www.aboutcookies.org.<\/p><p class=\"Standard\"><b><span style=\"font-size: 14.0pt;\">2) How we use cookies<\/span><\/b><\/p><p class=\"Standard\">We use different types of cookies on our website. Cookies can be classified in terms of how\nlong they are stored for as well as how they are used.<\/p><p class=\"Standard\">In terms of length of storage, we use both temporary and permanent cookies. Temporary\ncookies are stored only until you restart your browser. We also use permanent cookies which\nare stored for a longer predetermined period.<\/p><p class=\"Standard\">Strictly necessary cookies<\/p><p class=\"Standard\"><b>Some cookies are necessary in order for our website to technically function and for you to be\nable to use it. These cookies do not collect data on the user that could be used for marketing\npurposes or to track the user\u2019s choices or preferences.<\/b><\/p><p class=\"Standard\">Performance cookies<\/p><p class=\"Standard\"><b>Performance cookies<\/b><\/p><p class=\"Standard\">Our performance related cookies collect information on how users use our website (e.g. most visited pages, possible error messages). These cookies do not collect identifiable user\ninformation, are completely anonymous and are only used to improve our website\u2019s\nfunctionality.<\/p><p class=\"Standard\">Our website uses Google Analytics cookies. The data collected by these cookies are stored on\nGoogle\u2019s servers, some of which may be located outside the EU and are in such cases subject\nto their local data protection regulations. More information on Google\u2019s privacy policies and on\nhow to manage Google Analytics tracking is available below:<\/p><p class=\"Standard\"><a href=\"https:\/\/support.google.com\/analytics\/answer\/6004245\" target=\"_blank\" rel=\"noopener\">Google Analytics privacy overview<\/a><\/p><p class=\"Standard\"><a href=\"https:\/\/tools.google.com\/dlpage\/gaoptout?hl=en=GB\" target=\"_blank\" rel=\"noopener\">Opt out of Google Analytics tracking<\/a><\/p><p class=\"Standard\"><b>Functionality cookies<\/b><\/p><p class=\"Standard\">Functionality cookies enable our websites to remember your individual preferences and details\n(e.g. user details and language and region settings). These cookies also provide an improved\nand more personalized user experience.<\/p><p class=\"Standard\"><b>Third-party cookies<\/b><\/p><p class=\"Standard\">Our websites also include buttons and facilitate sharing content on different online platforms\nand on social media. If you use these buttons, the service you select may store a cookie on your device. These cookies are not managed by us. More information on how to manage third\nparty cookies is available on the website of the third-party service in question.<\/p><p class=\"Standard\">Our website may accept cookies related to such third-party services. These may include for\nexample advertising displayed through Facebook\u2019s or Google\u2019s services.<\/p><p class=\"Standard\"><b><span style=\"font-size: 14.0pt;\">3) How can I manage and remove cookies?<\/span><\/b><\/p><p class=\"Standard\">Most web browsers accept cookies, but it is usually possible to adjust the browser\u2019s settings so that no new cookies will be stored, all existing cookies will be deactivated or removed or so that a notification is presented before any new cookie is stored.<\/p><p class=\"Standard\">If you want your web browser to prevent cookies from being used or stored, adjust your\nsettings according to your browser manufacturer\u2019s instructions (these settings are usually\nfound under a menu like Tools, Edit or About). More detailed instructions are available at\nwww.aboutcookies.org. If you don\u2019t allow cookies to be stored or used, some of our websites\u2019 functionality may not work correctly. Opting out of a particular cookie or a class of cookies does not remove cookies from your browser. You have to do this yourself directly from your browser.<\/p><p class=\"Standard\"><b><span style=\"font-size: 14.0pt;\">4) Future policy changes<\/span><\/b><\/p><p class=\"Standard\">We will give notice of any future changes in our policies regarding cookies here, and we may\nalso highlight these changes on our websites.<\/p>\t\t\t\t\t\t\t\t<\/div>\n\t\t\t\t<\/div>\n\t\t\t\t\t<\/div>\n\t\t<\/div>\n\t\t\t\t\t<\/div>\n\t\t<\/section>\n\t\t\t\t<\/div>","protected":false},"excerpt":{"rendered":"<p>Verkkosivujen tietosuojaseloste Seuraamme verkkosivustomme k\u00e4ytt\u00f6\u00e4 ev\u00e4steill\u00e4. Alla on lis\u00e4tietoa ev\u00e4steist\u00e4, siit\u00e4, miten k\u00e4yt\u00e4mme niit\u00e4; sek\u00e4 miten voit hallita niiden k\u00e4ytt\u00f6\u00e4. Jos et hyv\u00e4ksy n\u00e4it\u00e4 ehtoja, \u00e4l\u00e4 k\u00e4yt\u00e4 sivujamme. 1) Mit\u00e4 ev\u00e4steet ovat? Ev\u00e4steet ovat pieni\u00e4 tekstitiedostoja, jotka tallennetaan tietokoneellesi tai muulle p\u00e4\u00e4telaitteellesi, kun k\u00e4yt verkkosivulla. Jokaisella my\u00f6hemm\u00e4ll\u00e4 vierailukerrallasi ne l\u00e4hetet\u00e4\u00e4n takaisin verkkosivullemme tai toiselle verkkosivulle, [&hellip;]<\/p>\n","protected":false},"author":2,"featured_media":0,"parent":0,"menu_order":0,"comment_status":"closed","ping_status":"closed","template":"","meta":{"site-sidebar-layout":"no-sidebar","site-content-layout":"page-builder","ast-site-content-layout":"default","site-content-style":"default","site-sidebar-style":"default","ast-global-header-display":"","ast-banner-title-visibility":"","ast-main-header-display":"","ast-hfb-above-header-display":"","ast-hfb-below-header-display":"","ast-hfb-mobile-header-display":"","site-post-title":"disabled","ast-breadcrumbs-content":"","ast-featured-img":"disabled","footer-sml-layout":"","ast-disable-related-posts":"","theme-transparent-header-meta":"default","adv-header-id-meta":"","stick-header-meta":"","header-above-stick-meta":"","header-main-stick-meta":"","header-below-stick-meta":"","astra-migrate-meta-layouts":"default","ast-page-background-enabled":"default","ast-page-background-meta":{"desktop":{"background-color":"","background-image":"","background-repeat":"repeat","background-position":"center center","background-size":"auto","background-attachment":"scroll","background-type":"","background-media":"","overlay-type":"","overlay-color":"","overlay-opacity":"","overlay-gradient":""},"tablet":{"background-color":"","background-image":"","background-repeat":"repeat","background-position":"center center","background-size":"auto","background-attachment":"scroll","background-type":"","background-media":"","overlay-type":"","overlay-color":"","overlay-opacity":"","overlay-gradient":""},"mobile":{"background-color":"","background-image":"","background-repeat":"repeat","background-position":"center center","background-size":"auto","background-attachment":"scroll","background-type":"","background-media":"","overlay-type":"","overlay-color":"","overlay-opacity":"","overlay-gradient":""}},"ast-content-background-meta":{"desktop":{"background-color":"var(--ast-global-color-5)","background-image":"","background-repeat":"repeat","background-position":"center center","background-size":"auto","background-attachment":"scroll","background-type":"","background-media":"","overlay-type":"","overlay-color":"","overlay-opacity":"","overlay-gradient":""},"tablet":{"background-color":"var(--ast-global-color-5)","background-image":"","background-repeat":"repeat","background-position":"center center","background-size":"auto","background-attachment":"scroll","background-type":"","background-media":"","overlay-type":"","overlay-color":"","overlay-opacity":"","overlay-gradient":""},"mobile":{"background-color":"var(--ast-global-color-5)","background-image":"","background-repeat":"repeat","background-position":"center center","background-size":"auto","background-attachment":"scroll","background-type":"","background-media":"","overlay-type":"","overlay-color":"","overlay-opacity":"","overlay-gradient":""}},"footnotes":""},"_links":{"self":[{"href":"https:\/\/www.vvalima.com\/en\/wp-json\/wp\/v2\/pages\/530"}],"collection":[{"href":"https:\/\/www.vvalima.com\/en\/wp-json\/wp\/v2\/pages"}],"about":[{"href":"https:\/\/www.vvalima.com\/en\/wp-json\/wp\/v2\/types\/page"}],"author":[{"embeddable":true,"href":"https:\/\/www.vvalima.com\/en\/wp-json\/wp\/v2\/users\/2"}],"replies":[{"embeddable":true,"href":"https:\/\/www.vvalima.com\/en\/wp-json\/wp\/v2\/comments?post=530"}],"version-history":[{"count":10,"href":"https:\/\/www.vvalima.com\/en\/wp-json\/wp\/v2\/pages\/530\/revisions"}],"predecessor-version":[{"id":599,"href":"https:\/\/www.vvalima.com\/en\/wp-json\/wp\/v2\/pages\/530\/revisions\/599"}],"wp:attachment":[{"href":"https:\/\/www.vvalima.com\/en\/wp-json\/wp\/v2\/media?parent=530"}],"curies":[{"name":"wp","href":"https:\/\/api.w.org\/{rel}","templated":true}]}}